{"id":27076,"date":"2024-08-07T12:29:22","date_gmt":"2024-08-07T12:29:22","guid":{"rendered":"https:\/\/old.fmspa.com\/news\/"},"modified":"2024-08-07T13:36:13","modified_gmt":"2024-08-07T13:36:13","slug":"news","status":"publish","type":"page","link":"https:\/\/old.fmspa.com\/fr\/news\/","title":{"rendered":"News"},"content":{"rendered":"\t\t<div data-elementor-type=\"wp-page\" data-elementor-id=\"27076\" class=\"elementor elementor-27076 elementor-27042\" data-elementor-post-type=\"page\">\n\t\t\t\t\t\t<section class=\"elementor-section elementor-top-section elementor-element elementor-element-bb33483 elementor-section-height-min-height elementor-section-boxed elementor-section-height-default elementor-section-items-middle\" data-id=\"bb33483\" data-element_type=\"section\" data-settings=\"{&quot;background_background&quot;:&quot;classic&quot;,&quot;shape_divider_bottom&quot;:&quot;waves&quot;}\">\n\t\t\t\t\t\t\t<div class=\"elementor-background-overlay\"><\/div>\n\t\t\t\t\t\t<div class=\"elementor-shape elementor-shape-bottom\" data-negative=\"false\">\n\t\t\t<svg xmlns=\"http:\/\/www.w3.org\/2000\/svg\" viewBox=\"0 0 1000 100\" preserveAspectRatio=\"none\">\n\t<path class=\"elementor-shape-fill\" d=\"M421.9,6.5c22.6-2.5,51.5,0.4,75.5,5.3c23.6,4.9,70.9,23.5,100.5,35.7c75.8,32.2,133.7,44.5,192.6,49.7\n\tc23.6,2.1,48.7,3.5,103.4-2.5c54.7-6,106.2-25.6,106.2-25.6V0H0v30.3c0,0,72,32.6,158.4,30.5c39.2-0.7,92.8-6.7,134-22.4\n\tc21.2-8.1,52.2-18.2,79.7-24.2C399.3,7.9,411.6,7.5,421.9,6.5z\"\/>\n<\/svg>\t\t<\/div>\n\t\t\t\t\t<div class=\"elementor-container elementor-column-gap-default\">\n\t\t\t\t\t<div class=\"elementor-column elementor-col-100 elementor-top-column elementor-element elementor-element-246b25f\" data-id=\"246b25f\" data-element_type=\"column\">\n\t\t\t<div class=\"elementor-widget-wrap elementor-element-populated\">\n\t\t\t\t\t\t<div class=\"elementor-element elementor-element-7c16fbc elementor-widget elementor-widget-heading\" data-id=\"7c16fbc\" data-element_type=\"widget\" data-widget_type=\"heading.default\">\n\t\t\t\t<div class=\"elementor-widget-container\">\n\t\t\t<h1 class=\"elementor-heading-title elementor-size-default\">News<\/h1>\t\t<\/div>\n\t\t\t\t<\/div>\n\t\t\t\t<div class=\"elementor-element elementor-element-f22f7d5 elementor-widget elementor-widget-heading\" data-id=\"f22f7d5\" data-element_type=\"widget\" data-widget_type=\"heading.default\">\n\t\t\t\t<div class=\"elementor-widget-container\">\n\t\t\t<h2 class=\"elementor-heading-title elementor-size-default\">Nouvelles du monde de FM Metal Fasteners Group S.p.A.<\/h2>\t\t<\/div>\n\t\t\t\t<\/div>\n\t\t\t\t\t<\/div>\n\t\t<\/div>\n\t\t\t\t\t<\/div>\n\t\t<\/section>\n\t\t\t\t<section class=\"elementor-section elementor-top-section elementor-element elementor-element-59e5915 elementor-section-boxed elementor-section-height-default elementor-section-height-default\" data-id=\"59e5915\" data-element_type=\"section\" data-settings=\"{&quot;background_background&quot;:&quot;classic&quot;}\">\n\t\t\t\t\t\t<div class=\"elementor-container elementor-column-gap-default\">\n\t\t\t\t\t<div class=\"elementor-column elementor-col-50 elementor-top-column elementor-element elementor-element-c3af10d\" data-id=\"c3af10d\" data-element_type=\"column\">\n\t\t\t<div class=\"elementor-widget-wrap elementor-element-populated\">\n\t\t\t\t\t\t<div class=\"elementor-element elementor-element-e7a6457 elementor-widget elementor-widget-image\" data-id=\"e7a6457\" data-element_type=\"widget\" data-widget_type=\"image.default\">\n\t\t\t\t<div class=\"elementor-widget-container\">\n\t\t\t\t\t\t\t\t\t\t\t\t\t<img fetchpriority=\"high\" decoding=\"async\" width=\"500\" height=\"500\" src=\"https:\/\/old.fmspa.com\/wp-content\/uploads\/2024\/08\/FFI24_promo_logo_EN-5.jpg.coredownload.062627174-5.jpg\" class=\"attachment-large size-large wp-image-27028\" alt=\"\" srcset=\"https:\/\/old.fmspa.com\/wp-content\/uploads\/2024\/08\/FFI24_promo_logo_EN-5.jpg.coredownload.062627174-5.jpg 500w, https:\/\/old.fmspa.com\/wp-content\/uploads\/2024\/08\/FFI24_promo_logo_EN-5.jpg.coredownload.062627174-5-300x300.jpg 300w, https:\/\/old.fmspa.com\/wp-content\/uploads\/2024\/08\/FFI24_promo_logo_EN-5.jpg.coredownload.062627174-5-150x150.jpg 150w\" sizes=\"(max-width: 500px) 100vw, 500px\" \/>\t\t\t\t\t\t\t\t\t\t\t\t\t<\/div>\n\t\t\t\t<\/div>\n\t\t\t\t<div class=\"elementor-element elementor-element-86364b9 elementor-widget elementor-widget-text-editor\" data-id=\"86364b9\" data-element_type=\"widget\" data-widget_type=\"text-editor.default\">\n\t\t\t\t<div class=\"elementor-widget-container\">\n\t\t\t\t\t\t\t<p>29-30 Octobre 2024<\/p>\n\t\t\t\t\t\t<\/div>\n\t\t\t\t<\/div>\n\t\t\t\t\t<\/div>\n\t\t<\/div>\n\t\t\t\t<div class=\"elementor-column elementor-col-50 elementor-top-column elementor-element elementor-element-dffb47f\" data-id=\"dffb47f\" data-element_type=\"column\">\n\t\t\t<div class=\"elementor-widget-wrap elementor-element-populated\">\n\t\t\t\t\t\t<div class=\"elementor-element elementor-element-e8a925d elementor-widget elementor-widget-text-editor\" data-id=\"e8a925d\" data-element_type=\"widget\" data-widget_type=\"text-editor.default\">\n\t\t\t\t<div class=\"elementor-widget-container\">\n\t\t\t\t\t\t\t<p><strong>FM Metal Fasteners Group S.p.A.<\/strong> sera pr\u00e9sent en tant qu&rsquo;exposant \u00e0 l&rsquo;\u00e9v\u00e9nement Fastener Fair Italy 2024, au stand n\u00b0 1330 dans le pavillon 3 \u00e0 City Life &#8211; Allianz MiCo, Milan. Lors de ce salon, d\u00e9di\u00e9 \u00e0 tous les domaines de l&rsquo;industrie des vis, boulons et syst\u00e8mes de fixation, FM Group pr\u00e9sentera ses produits et services aux distributeurs, fabricants et utilisateurs finaux de l&rsquo;ensemble du secteur.  <\/p>\n<p><strong>Stand<\/strong>: n\u00b0 1330 <br \/><strong>Date<\/strong>: 29-30 octobre 2024<br \/><strong>Lieu<\/strong>: City Life &#8211; Allianz MiCo, Milan &#8211; Pavillon 3<\/p>\n<p>Contactez-nous et prenez rendez-vous pour d\u00e9couvrir nos innovations et \u00e9tablir des relations commerciales solides.<\/p>\n\t\t\t\t\t\t<\/div>\n\t\t\t\t<\/div>\n\t\t\t\t<div class=\"elementor-element elementor-element-192ce06 animated-slow elementor-align-left elementor-invisible elementor-widget elementor-widget-button\" data-id=\"192ce06\" data-element_type=\"widget\" data-settings=\"{&quot;_animation&quot;:&quot;slideInDown&quot;,&quot;_animation_delay&quot;:1500,&quot;_animation_mobile&quot;:&quot;none&quot;}\" data-widget_type=\"button.default\">\n\t\t\t\t<div class=\"elementor-widget-container\">\n\t\t\t\t\t<div class=\"elementor-button-wrapper\">\n\t\t\t<a class=\"elementor-button elementor-button-link elementor-size-sm elementor-animation-shrink\" href=\"mailto:mf@fmspa.com\">\n\t\t\t\t\t\t<span class=\"elementor-button-content-wrapper\">\n\t\t\t\t\t\t\t\t\t<span class=\"elementor-button-text\">Contactez-nous<\/span>\n\t\t\t\t\t<\/span>\n\t\t\t\t\t<\/a>\n\t\t<\/div>\n\t\t\t\t<\/div>\n\t\t\t\t<\/div>\n\t\t\t\t\t<\/div>\n\t\t<\/div>\n\t\t\t\t\t<\/div>\n\t\t<\/section>\n\t\t\t\t<\/div>\n\t\t","protected":false},"excerpt":{"rendered":"<p>News Nouvelles du monde de FM Metal Fasteners Group S.p.A. 29-30 Octobre 2024 FM Metal Fasteners Group S.p.A. sera pr\u00e9sent en tant qu&rsquo;exposant \u00e0 l&rsquo;\u00e9v\u00e9nement Fastener Fair Italy 2024, au stand n\u00b0 1330 dans le pavillon 3 \u00e0 City Life &#8211; Allianz MiCo, Milan. Lors de ce salon, d\u00e9di\u00e9 \u00e0 tous les domaines de l&rsquo;industrie &#8230; <a title=\"News\" class=\"read-more\" href=\"https:\/\/old.fmspa.com\/fr\/news\/\" aria-label=\"En savoir plus sur News\">Lire la suite<\/a><\/p>\n","protected":false},"author":1,"featured_media":0,"parent":0,"menu_order":0,"comment_status":"closed","ping_status":"closed","template":"elementor_header_footer","meta":{"_acf_changed":false,"footnotes":""},"class_list":["post-27076","page","type-page","status-publish"],"acf":[],"yoast_head":"<!-- This site is optimized with the Yoast SEO plugin v23.6 - https:\/\/yoast.com\/wordpress\/plugins\/seo\/ -->\n<title>News - FM Spa<\/title>\n<meta name=\"robots\" content=\"noindex, follow, max-snippet:-1, max-image-preview:large, max-video-preview:-1\" \/>\n<meta property=\"og:locale\" content=\"fr_FR\" \/>\n<meta property=\"og:type\" content=\"article\" \/>\n<meta property=\"og:title\" content=\"News - FM Spa\" \/>\n<meta property=\"og:description\" content=\"News Nouvelles du monde de FM Metal Fasteners Group S.p.A. 29-30 Octobre 2024 FM Metal Fasteners Group S.p.A. sera pr\u00e9sent en tant qu&rsquo;exposant \u00e0 l&rsquo;\u00e9v\u00e9nement Fastener Fair Italy 2024, au stand n\u00b0 1330 dans le pavillon 3 \u00e0 City Life &#8211; Allianz MiCo, Milan. Lors de ce salon, d\u00e9di\u00e9 \u00e0 tous les domaines de l&rsquo;industrie ... Lire la suite\" \/>\n<meta property=\"og:url\" content=\"https:\/\/old.fmspa.com\/news\/\" \/>\n<meta property=\"og:site_name\" content=\"FM Spa\" \/>\n<meta property=\"article:modified_time\" content=\"2024-08-07T13:36:13+00:00\" \/>\n<meta property=\"og:image\" content=\"https:\/\/old.fmspa.com\/wp-content\/uploads\/2024\/08\/FFI24_promo_logo_EN-5.jpg.coredownload.062627174-5.jpg\" \/>\n<meta name=\"twitter:card\" content=\"summary_large_image\" \/>\n<meta name=\"twitter:label1\" content=\"Dur\u00e9e de lecture estim\u00e9e\" \/>\n\t<meta name=\"twitter:data1\" content=\"1 minute\" \/>\n<script type=\"application\/ld+json\" class=\"yoast-schema-graph\">{\"@context\":\"https:\/\/schema.org\",\"@graph\":[{\"@type\":\"WebPage\",\"@id\":\"https:\/\/old.fmspa.com\/news\/\",\"url\":\"https:\/\/old.fmspa.com\/news\/\",\"name\":\"News - FM Spa\",\"isPartOf\":{\"@id\":\"https:\/\/old.fmspa.com\/#website\"},\"primaryImageOfPage\":{\"@id\":\"https:\/\/old.fmspa.com\/news\/#primaryimage\"},\"image\":{\"@id\":\"https:\/\/old.fmspa.com\/news\/#primaryimage\"},\"thumbnailUrl\":\"https:\/\/old.fmspa.com\/wp-content\/uploads\/2024\/08\/FFI24_promo_logo_EN-5.jpg.coredownload.062627174-5.jpg\",\"datePublished\":\"2024-08-07T12:29:22+00:00\",\"dateModified\":\"2024-08-07T13:36:13+00:00\",\"breadcrumb\":{\"@id\":\"https:\/\/old.fmspa.com\/news\/#breadcrumb\"},\"inLanguage\":\"fr-FR\",\"potentialAction\":[{\"@type\":\"ReadAction\",\"target\":[\"https:\/\/old.fmspa.com\/news\/\"]}]},{\"@type\":\"ImageObject\",\"inLanguage\":\"fr-FR\",\"@id\":\"https:\/\/old.fmspa.com\/news\/#primaryimage\",\"url\":\"https:\/\/old.fmspa.com\/wp-content\/uploads\/2024\/08\/FFI24_promo_logo_EN-5.jpg.coredownload.062627174-5.jpg\",\"contentUrl\":\"https:\/\/old.fmspa.com\/wp-content\/uploads\/2024\/08\/FFI24_promo_logo_EN-5.jpg.coredownload.062627174-5.jpg\"},{\"@type\":\"BreadcrumbList\",\"@id\":\"https:\/\/old.fmspa.com\/news\/#breadcrumb\",\"itemListElement\":[{\"@type\":\"ListItem\",\"position\":1,\"name\":\"Home\",\"item\":\"https:\/\/old.fmspa.com\/\"},{\"@type\":\"ListItem\",\"position\":2,\"name\":\"News\"}]},{\"@type\":\"WebSite\",\"@id\":\"https:\/\/old.fmspa.com\/#website\",\"url\":\"https:\/\/old.fmspa.com\/\",\"name\":\"FM Spa\",\"description\":\"FM SPA DEV\",\"publisher\":{\"@id\":\"https:\/\/old.fmspa.com\/#organization\"},\"potentialAction\":[{\"@type\":\"SearchAction\",\"target\":{\"@type\":\"EntryPoint\",\"urlTemplate\":\"https:\/\/old.fmspa.com\/?s={search_term_string}\"},\"query-input\":{\"@type\":\"PropertyValueSpecification\",\"valueRequired\":true,\"valueName\":\"search_term_string\"}}],\"inLanguage\":\"fr-FR\"},{\"@type\":\"Organization\",\"@id\":\"https:\/\/old.fmspa.com\/#organization\",\"name\":\"FM Spa\",\"url\":\"https:\/\/old.fmspa.com\/\",\"logo\":{\"@type\":\"ImageObject\",\"inLanguage\":\"fr-FR\",\"@id\":\"https:\/\/old.fmspa.com\/#\/schema\/logo\/image\/\",\"url\":\"https:\/\/old.fmspa.com\/wp-content\/uploads\/2023\/04\/cropped-logo.png\",\"contentUrl\":\"https:\/\/old.fmspa.com\/wp-content\/uploads\/2023\/04\/cropped-logo.png\",\"width\":380,\"height\":70,\"caption\":\"FM Spa \"},\"image\":{\"@id\":\"https:\/\/old.fmspa.com\/#\/schema\/logo\/image\/\"}}]}<\/script>\n<!-- \/ Yoast SEO plugin. -->","yoast_head_json":{"title":"News - FM Spa","robots":{"index":"noindex","follow":"follow","max-snippet":"max-snippet:-1","max-image-preview":"max-image-preview:large","max-video-preview":"max-video-preview:-1"},"og_locale":"fr_FR","og_type":"article","og_title":"News - FM Spa","og_description":"News Nouvelles du monde de FM Metal Fasteners Group S.p.A. 29-30 Octobre 2024 FM Metal Fasteners Group S.p.A. sera pr\u00e9sent en tant qu&rsquo;exposant \u00e0 l&rsquo;\u00e9v\u00e9nement Fastener Fair Italy 2024, au stand n\u00b0 1330 dans le pavillon 3 \u00e0 City Life &#8211; Allianz MiCo, Milan. Lors de ce salon, d\u00e9di\u00e9 \u00e0 tous les domaines de l&rsquo;industrie ... Lire la suite","og_url":"https:\/\/old.fmspa.com\/news\/","og_site_name":"FM Spa","article_modified_time":"2024-08-07T13:36:13+00:00","og_image":[{"url":"https:\/\/old.fmspa.com\/wp-content\/uploads\/2024\/08\/FFI24_promo_logo_EN-5.jpg.coredownload.062627174-5.jpg"}],"twitter_card":"summary_large_image","twitter_misc":{"Dur\u00e9e de lecture estim\u00e9e":"1 minute"},"schema":{"@context":"https:\/\/schema.org","@graph":[{"@type":"WebPage","@id":"https:\/\/old.fmspa.com\/news\/","url":"https:\/\/old.fmspa.com\/news\/","name":"News - FM Spa","isPartOf":{"@id":"https:\/\/old.fmspa.com\/#website"},"primaryImageOfPage":{"@id":"https:\/\/old.fmspa.com\/news\/#primaryimage"},"image":{"@id":"https:\/\/old.fmspa.com\/news\/#primaryimage"},"thumbnailUrl":"https:\/\/old.fmspa.com\/wp-content\/uploads\/2024\/08\/FFI24_promo_logo_EN-5.jpg.coredownload.062627174-5.jpg","datePublished":"2024-08-07T12:29:22+00:00","dateModified":"2024-08-07T13:36:13+00:00","breadcrumb":{"@id":"https:\/\/old.fmspa.com\/news\/#breadcrumb"},"inLanguage":"fr-FR","potentialAction":[{"@type":"ReadAction","target":["https:\/\/old.fmspa.com\/news\/"]}]},{"@type":"ImageObject","inLanguage":"fr-FR","@id":"https:\/\/old.fmspa.com\/news\/#primaryimage","url":"https:\/\/old.fmspa.com\/wp-content\/uploads\/2024\/08\/FFI24_promo_logo_EN-5.jpg.coredownload.062627174-5.jpg","contentUrl":"https:\/\/old.fmspa.com\/wp-content\/uploads\/2024\/08\/FFI24_promo_logo_EN-5.jpg.coredownload.062627174-5.jpg"},{"@type":"BreadcrumbList","@id":"https:\/\/old.fmspa.com\/news\/#breadcrumb","itemListElement":[{"@type":"ListItem","position":1,"name":"Home","item":"https:\/\/old.fmspa.com\/"},{"@type":"ListItem","position":2,"name":"News"}]},{"@type":"WebSite","@id":"https:\/\/old.fmspa.com\/#website","url":"https:\/\/old.fmspa.com\/","name":"FM Spa","description":"FM SPA DEV","publisher":{"@id":"https:\/\/old.fmspa.com\/#organization"},"potentialAction":[{"@type":"SearchAction","target":{"@type":"EntryPoint","urlTemplate":"https:\/\/old.fmspa.com\/?s={search_term_string}"},"query-input":{"@type":"PropertyValueSpecification","valueRequired":true,"valueName":"search_term_string"}}],"inLanguage":"fr-FR"},{"@type":"Organization","@id":"https:\/\/old.fmspa.com\/#organization","name":"FM Spa","url":"https:\/\/old.fmspa.com\/","logo":{"@type":"ImageObject","inLanguage":"fr-FR","@id":"https:\/\/old.fmspa.com\/#\/schema\/logo\/image\/","url":"https:\/\/old.fmspa.com\/wp-content\/uploads\/2023\/04\/cropped-logo.png","contentUrl":"https:\/\/old.fmspa.com\/wp-content\/uploads\/2023\/04\/cropped-logo.png","width":380,"height":70,"caption":"FM Spa "},"image":{"@id":"https:\/\/old.fmspa.com\/#\/schema\/logo\/image\/"}}]}},"_links":{"self":[{"href":"https:\/\/old.fmspa.com\/fr\/wp-json\/wp\/v2\/pages\/27076","targetHints":{"allow":["GET"]}}],"collection":[{"href":"https:\/\/old.fmspa.com\/fr\/wp-json\/wp\/v2\/pages"}],"about":[{"href":"https:\/\/old.fmspa.com\/fr\/wp-json\/wp\/v2\/types\/page"}],"author":[{"embeddable":true,"href":"https:\/\/old.fmspa.com\/fr\/wp-json\/wp\/v2\/users\/1"}],"replies":[{"embeddable":true,"href":"https:\/\/old.fmspa.com\/fr\/wp-json\/wp\/v2\/comments?post=27076"}],"version-history":[{"count":3,"href":"https:\/\/old.fmspa.com\/fr\/wp-json\/wp\/v2\/pages\/27076\/revisions"}],"predecessor-version":[{"id":27079,"href":"https:\/\/old.fmspa.com\/fr\/wp-json\/wp\/v2\/pages\/27076\/revisions\/27079"}],"wp:attachment":[{"href":"https:\/\/old.fmspa.com\/fr\/wp-json\/wp\/v2\/media?parent=27076"}],"curies":[{"name":"wp","href":"https:\/\/api.w.org\/{rel}","templated":true}]}}